{"id":3254,"date":"2023-05-17T20:13:39","date_gmt":"2023-05-17T20:13:39","guid":{"rendered":"https:\/\/ipsmarty.store\/?page_id=3254"},"modified":"2024-06-06T15:40:55","modified_gmt":"2024-06-06T15:40:55","slug":"refund-and-returns-policy","status":"publish","type":"page","link":"https:\/\/apextv.ca\/fr\/refund-and-returns-policy\/","title":{"rendered":"Refund and Returns Policy"},"content":{"rendered":"<div data-elementor-type=\"wp-page\" data-elementor-id=\"3254\" class=\"elementor elementor-3254\" data-elementor-post-type=\"page\">\n\t\t\t\t<div class=\"elementor-element elementor-element-df2fe9e e-flex e-con-boxed e-con e-parent\" data-id=\"df2fe9e\" data-element_type=\"container\" data-e-type=\"container\" data-settings=\"{&quot;background_background&quot;:&quot;classic&quot;}\">\n\t\t\t\t\t<div class=\"e-con-inner\">\n\t\t\t\t<div class=\"elementor-element elementor-element-8d9e6bd elementor-widget elementor-widget-heading\" data-id=\"8d9e6bd\" data-element_type=\"widget\" data-e-type=\"widget\" data-widget_type=\"heading.default\">\n\t\t\t\t<div class=\"elementor-widget-container\">\n\t\t\t\t\t<h2 class=\"elementor-heading-title elementor-size-default\">Politique de remboursement<\/h2>\t\t\t\t<\/div>\n\t\t\t\t<\/div>\n\t\t\t\t\t<\/div>\n\t\t\t\t<\/div>\n\t\t<div class=\"elementor-element elementor-element-0f18c5c e-flex e-con-boxed e-con e-parent\" data-id=\"0f18c5c\" data-element_type=\"container\" data-e-type=\"container\" data-settings=\"{&quot;background_background&quot;:&quot;classic&quot;}\">\n\t\t\t\t\t<div class=\"e-con-inner\">\n\t\t\t\t<div class=\"elementor-element elementor-element-165dfa4 elementor-widget__width-initial elementor-widget elementor-widget-text-editor\" data-id=\"165dfa4\" data-element_type=\"widget\" data-e-type=\"widget\" data-widget_type=\"text-editor.default\">\n\t\t\t\t<div class=\"elementor-widget-container\">\n\t\t\t\t\t\t\t\t\t<p>Chez APEX IPTV, nous nous engageons \u00e0 fournir un service de qualit\u00e9 \u00e0 nos clients. Si, pour quelque raison que ce soit, vous n'\u00eates pas enti\u00e8rement satisfait de votre achat, nous sommes l\u00e0 pour vous aider.<\/p>\n<p><br>Nous offrons des remboursements dans les cas suivants :<\/p>\n<p>Probl\u00e8mes techniques : Si vous rencontrez des difficult\u00e9s techniques avec notre service IPTV et que notre \u00e9quipe d'assistance n'est pas en mesure de r\u00e9soudre le probl\u00e8me, nous vous offrirons un remboursement complet de votre achat.<\/p>\n<p>Insatisfaction : Si vous n'\u00eates pas satisfait de notre service pour quelque raison que ce soit et que vous nous en informez dans les 30 jours suivant votre achat, nous vous rembourserons int\u00e9gralement.<\/p>\n<p>Processus de remboursement<br>Pour demander un remboursement, veuillez contacter notre \u00e9quipe d'assistance \u00e0 avec les d\u00e9tails de votre probl\u00e8me. Vous pouvez \u00e9galement nous contacter via notre page Facebook pour une r\u00e9ponse encore plus rapide (quelques heures seulement). Nous examinerons votre demande et vous indiquerons la marche \u00e0 suivre.<\/p>\n<p><\/p>\n<p>Modification du plan<br>Chez APEX IPTV, nous comprenons que vos besoins en mati\u00e8re de divertissement peuvent \u00e9voluer au fil du temps. C'est pourquoi nous offrons \u00e0 nos clients la possibilit\u00e9 de mettre \u00e0 jour leur plan d'abonnement dans les 30 jours suivant leur achat initial.<\/p>\n<p>Si vous souhaitez passer \u00e0 une formule d'abonnement plus longue ou plus compl\u00e8te, par exemple un abonnement annuel au lieu d'un abonnement mensuel, il vous suffit de payer la diff\u00e9rence de prix entre votre formule actuelle et la nouvelle.<\/p>\n<p>Pour passer \u00e0 un plan sup\u00e9rieur, veuillez contacter notre \u00e9quipe d'assistance en pr\u00e9cisant votre demande. Nous vous guiderons tout au long du processus et veillerons \u00e0 ce que la transition vers le nouveau plan se fasse en douceur.<\/p>\n<p>Confidentialit\u00e9 et protection des donn\u00e9es personnelles<br>Chez APEX IPTV, nous accordons une grande importance \u00e0 la confidentialit\u00e9 et \u00e0 la s\u00e9curit\u00e9 des informations de nos clients. Nous nous engageons \u00e0 ne pas collecter, utiliser ou partager les donn\u00e9es personnelles de nos clients sans leur consentement explicite.<\/p>\n<p>Nous ne recueillons pas d'informations personnellement identifiables sans votre autorisation pr\u00e9alable. Les seules informations que nous recueillons sont celles qui sont n\u00e9cessaires au traitement de votre commande et \u00e0 la fourniture de nos services. Il peut s'agir de votre nom, de votre adresse \u00e9lectronique, de votre adresse de facturation et d'autres informations relatives \u00e0 votre commande n\u00e9cessaires \u00e0 la gestion.<\/p>\n<p>Nous ne partageons pas vos informations personnelles avec des tiers \u00e0 des fins de marketing ou de publicit\u00e9. Vos informations sont s\u00e9curis\u00e9es et trait\u00e9es conform\u00e9ment \u00e0 notre politique de confidentialit\u00e9, et nous mettons en \u0153uvre des mesures de s\u00e9curit\u00e9 solides pour prot\u00e9ger vos donn\u00e9es contre tout acc\u00e8s non autoris\u00e9 ou toute utilisation abusive.<\/p>\n<p>Votre vie priv\u00e9e est notre priorit\u00e9 absolue et nous nous engageons \u00e0 maintenir la confiance que vous nous accordez en mati\u00e8re de protection de vos donn\u00e9es personnelles.<\/p>\n<p>Besoin d'aide ?<br>Nous nous engageons \u00e0 fournir un service client\u00e8le exceptionnel \u00e0 tous nos clients. Si vous avez des questions, des pr\u00e9occupations ou si vous avez besoin d'aide, notre \u00e9quipe d'assistance est l\u00e0 pour vous aider.<\/p>\n<p>Que vous ayez besoin d'aide pour installer des applications, r\u00e9soudre des probl\u00e8mes techniques ou r\u00e9pondre \u00e0 des questions sur nos services, notre \u00e9quipe d'assistance est \u00e0 votre disposition pour vous fournir une aide rapide et efficace.<\/p>\n<p>Vous pouvez nous contacter \u00e0 tout moment par email, sur Facebook par message ou sur notre compte Instagram. Consultez notre page de contact pour conna\u00eetre nos coordonn\u00e9es.<\/p>\n<p>Merci d'avoir choisi APEX IPTV pour votre divertissement. Nous sommes l\u00e0 pour vous garantir une exp\u00e9rience de visionnage agr\u00e9able et sans probl\u00e8me.<\/p>\t\t\t\t\t\t\t\t<\/div>\n\t\t\t\t<\/div>\n\t\t\t\t\t<\/div>\n\t\t\t\t<\/div>\n\t\t\t\t<\/div>","protected":false},"excerpt":{"rendered":"<p>Refund policy At APEX IPTV, we are committed to providing quality service to our customers. If for any reason you are not completely satisfied with your purchase, we are here to help. We offer refunds in the following cases: Technical Issues: If you experience technical difficulties with our IPTV service and our support team is [&hellip;]<\/p>","protected":false},"author":1,"featured_media":0,"parent":0,"menu_order":0,"comment_status":"closed","ping_status":"closed","template":"","meta":{"_monsterinsights_skip_tracking":false,"_monsterinsights_sitenote_active":false,"_monsterinsights_sitenote_note":"","_monsterinsights_sitenote_category":0,"two_page_speed":[],"footnotes":""},"class_list":["post-3254","page","type-page","status-publish","hentry"],"blocksy_meta":{"page_title_panel":"","has_hero_section":"disabled","24a716533436107933a52363f5ab8f7e":"","hero_section":"type-1","hero_elements":[{"id":"custom_title","enabled":true,"heading_tag":"h1","title":"Accueil"},{"id":"custom_description","enabled":true,"description_visibility":{"desktop":true,"tablet":true,"mobile":false}},{"id":"custom_meta","enabled":false,"meta_elements":[{"id":"author","enabled":true,"label":"By","has_author_avatar":"yes","avatar_size":25},{"id":"post_date","enabled":true,"label":"On","date_format_source":"default","date_format":"M j, Y"},{"id":"updated_date","enabled":false,"label":"On","date_format_source":"default","date_format":"M j, Y"},{"id":"categories","enabled":false,"label":"In","style":"simple"},{"id":"comments","enabled":true}],"page_meta_elements":{"joined":true,"articles_count":true,"comments":true}},{"id":"breadcrumbs","enabled":false}],"6ffd2d564cf7a86fa37232a3f7cf19a3":"","hero_alignment1":"CT_CSS_SKIP_RULE","hero_margin":40,"hero_alignment2":"center","hero_vertical_alignment":"center","3aca50897909981e61e36bfa22b0d995":"","hero_structure":"narrow","41bf9b501568498c842f1e2e55fa051a":"","page_title_bg_type":"featured_image","custom_hero_background":{"attachment_id":null},"page_title_image_size":"full","parallax":{"desktop":false,"tablet":false,"mobile":false},"26c4c92295fdc3dff318d145205ecb1b":"","hero_height":"250px","pageTitleFont":{"family":"Default","variation":"Default","size":"30px","line-height":"CT_CSS_SKIP_RULE","letter-spacing":"CT_CSS_SKIP_RULE","text-transform":"CT_CSS_SKIP_RULE","text-decoration":"CT_CSS_SKIP_RULE"},"pageTitleFontColor":{"default":{"color":"CT_CSS_SKIP_RULEDEFAULT"}},"pageMetaFont":{"family":"Default","variation":"n6","size":"12px","line-height":"1.3","letter-spacing":"CT_CSS_SKIP_RULE","text-transform":"uppercase","text-decoration":"CT_CSS_SKIP_RULE"},"pageMetaFontColor":{"default":{"color":"CT_CSS_SKIP_RULEDEFAULT"},"hover":{"color":"CT_CSS_SKIP_RULEDEFAULT"}},"page_meta_button_type_font_colors":{"default":{"color":"CT_CSS_SKIP_RULEDEFAULT"},"hover":{"color":"CT_CSS_SKIP_RULEDEFAULT"}},"page_meta_button_type_background_colors":{"default":{"color":"CT_CSS_SKIP_RULEDEFAULT"},"hover":{"color":"CT_CSS_SKIP_RULEDEFAULT"}},"pageExcerptFont":{"family":"Default","variation":"Default","size":"CT_CSS_SKIP_RULE","line-height":"CT_CSS_SKIP_RULE","letter-spacing":"CT_CSS_SKIP_RULE","text-transform":"CT_CSS_SKIP_RULE","text-decoration":"CT_CSS_SKIP_RULE"},"pageExcerptColor":{"default":{"color":"CT_CSS_SKIP_RULEDEFAULT"}},"breadcrumbsFont":{"family":"Default","variation":"Default","size":"CT_CSS_SKIP_RULE","line-height":"CT_CSS_SKIP_RULE","letter-spacing":"CT_CSS_SKIP_RULE","text-transform":"CT_CSS_SKIP_RULE","text-decoration":"CT_CSS_SKIP_RULE"},"breadcrumbsFontColor":{"default":{"color":"CT_CSS_SKIP_RULEDEFAULT"},"initial":{"color":"CT_CSS_SKIP_RULEDEFAULT"},"hover":{"color":"CT_CSS_SKIP_RULEDEFAULT"}},"pageTitleOverlay":{"background_type":"color","background_pattern":"type-1","background_image":{"attachment_id":null,"x":0,"y":0},"gradient":"linear-gradient(135deg,rgba(6,147,227,1) 0%,rgb(155,81,224) 100%)","background_repeat":"repeat","background_size":"auto","background_attachment":"scroll","patternColor":{"default":{"color":"#e5e7ea"}},"overlayColor":{"default":{"color":"CT_CSS_SKIP_RULE"}},"backgroundColor":{"default":{"color":"CT_CSS_SKIP_RULE"}}},"pageTitleBackground":{"background_type":"color","background_pattern":"type-1","background_image":{"attachment_id":null,"x":0,"y":0},"gradient":"linear-gradient(135deg,rgba(6,147,227,1) 0%,rgb(155,81,224) 100%)","background_repeat":"repeat","background_size":"auto","background_attachment":"scroll","patternColor":{"default":{"color":"#e5e7ea"}},"overlayColor":{"default":{"color":"CT_CSS_SKIP_RULE"}},"backgroundColor":{"default":{"color":"var(--theme-palette-color-6)"}}},"pageTitlePadding":{"top":"50px","bottom":"50px","left":"auto","right":"auto","linked":true},"a0794c1dc283c4ded9a39189a9306047":"","page_structure_type":"default","7471d577b0186ec57603ee093a45bb67":"","content_style_source":"inherit","content_style":"wide","vertical_spacing_source":"custom","content_area_spacing":"none","background":{"background_type":"color","background_pattern":"type-1","background_image":{"attachment_id":null,"x":0,"y":0},"gradient":"linear-gradient(135deg,rgba(6,147,227,1) 0%,rgb(155,81,224) 100%)","background_repeat":"repeat","background_size":"auto","background_attachment":"scroll","patternColor":{"default":{"color":"#e5e7ea"}},"overlayColor":{"default":{"color":"CT_CSS_SKIP_RULE"}},"backgroundColor":{"default":{"color":"CT_CSS_SKIP_RULE"}}},"content_background":{"background_type":"color","background_pattern":"type-1","background_image":{"attachment_id":null,"x":0,"y":0},"gradient":"linear-gradient(135deg,rgba(6,147,227,1) 0%,rgb(155,81,224) 100%)","background_repeat":"repeat","background_size":"auto","background_attachment":"scroll","patternColor":{"default":{"color":"#e5e7ea"}},"overlayColor":{"default":{"color":"CT_CSS_SKIP_RULE"}},"backgroundColor":{"default":{"color":"var(--theme-palette-color-8)"}}},"content_boxed_shadow":{"inherit":false,"blur":18,"spread":-6,"v_offset":12,"h_offset":0,"inset":false,"enable":true,"color":{"color":"rgba(34, 56, 101, 0.04)"}},"content_boxed_border":{"width":1,"style":"none","color":{"color":"rgba(44,62,80,0.2)"}},"content_boxed_radius":{"top":"3px","bottom":"3px","left":"3px","right":"3px","linked":true},"boxed_content_spacing":{"desktop":{"top":"40px","bottom":"40px","left":"40px","right":"40px","linked":true},"tablet":{"top":"35px","bottom":"35px","left":"35px","right":"35px","linked":true},"mobile":{"top":"20px","bottom":"20px","left":"20px","right":"20px","linked":true}},"745dac3c11a60e777d75e63a71e0acf3":"","disable_featured_image":"no","disable_share_box":"no","disable_header":"no","disable_footer":"no","styles_descriptor":{"styles":{"desktop":"","tablet":"","mobile":""},"google_fonts":[],"version":6}},"jetpack_sharing_enabled":true,"_links":{"self":[{"href":"https:\/\/apextv.ca\/fr\/wp-json\/wp\/v2\/pages\/3254","targetHints":{"allow":["GET"]}}],"collection":[{"href":"https:\/\/apextv.ca\/fr\/wp-json\/wp\/v2\/pages"}],"about":[{"href":"https:\/\/apextv.ca\/fr\/wp-json\/wp\/v2\/types\/page"}],"author":[{"embeddable":true,"href":"https:\/\/apextv.ca\/fr\/wp-json\/wp\/v2\/users\/1"}],"replies":[{"embeddable":true,"href":"https:\/\/apextv.ca\/fr\/wp-json\/wp\/v2\/comments?post=3254"}],"version-history":[{"count":16,"href":"https:\/\/apextv.ca\/fr\/wp-json\/wp\/v2\/pages\/3254\/revisions"}],"predecessor-version":[{"id":5351,"href":"https:\/\/apextv.ca\/fr\/wp-json\/wp\/v2\/pages\/3254\/revisions\/5351"}],"wp:attachment":[{"href":"https:\/\/apextv.ca\/fr\/wp-json\/wp\/v2\/media?parent=3254"}],"curies":[{"name":"wp","href":"https:\/\/api.w.org\/{rel}","templated":true}]}}